{"id":9,"date":"2025-04-09T18:48:42","date_gmt":"2025-04-09T16:48:42","guid":{"rendered":"https:\/\/7eh.net\/matgreen.hr\/?page_id=9"},"modified":"2025-04-09T18:50:31","modified_gmt":"2025-04-09T16:50:31","slug":"o-nama","status":"publish","type":"page","link":"https:\/\/7eh.net\/matgreen.hr\/index.php\/o-nama\/","title":{"rendered":"O nama"},"content":{"rendered":"\t\t<div data-elementor-type=\"wp-page\" data-elementor-id=\"9\" class=\"elementor elementor-9\" data-elementor-settings=\"{&quot;ha_cmc_init_switcher&quot;:&quot;no&quot;}\">\n\t\t\t\t<div class=\"elementor-element elementor-element-33832e1 e-flex e-con-boxed e-con e-parent\" data-id=\"33832e1\" data-element_type=\"container\" data-settings=\"{&quot;_ha_eqh_enable&quot;:false}\">\n\t\t\t\t\t<div class=\"e-con-inner\">\n\t\t\t\t<div class=\"elementor-element elementor-element-3a79dda elementor-widget elementor-widget-text-editor\" data-id=\"3a79dda\" data-element_type=\"widget\" data-widget_type=\"text-editor.default\">\n\t\t\t\t<div class=\"elementor-widget-container\">\n\t\t\t\t\t\t\t\t\t<p>Radno vrijeme:<br \/>Po dogovoru<\/p><p>Naziv i skra\u0107eni naziv tvrtke.<br \/>MAT Green, obrt za usluge \u010di\u0161\u0107enja, vl. Sa\u0161a Turkovi\u0107<\/p><p>Sjedi\u0161te tvrtke.<br \/>Vukovarska ul. 1b, 42000 Vara\u017edin<\/p><p>Sud kod kojega je tvrtka upisana u Sudski registar.<br \/>Trgova\u010dki sud u Vara\u017edinu<\/p><p>Broj pod kojim je tvrtka upisana u Sudski registar.<br \/>98969307<\/p><p>OIB<br \/>02787713604<\/p><p>Tvrtka i sjedi\u0161te institucije kod koje se dr\u017ei ra\u010dun i broj tog ra\u010duna.<\/p><p>PBZ, Zagreb<\/p><p><strong>IBAN:<\/strong> HR3723400091160795071<\/p>\t\t\t\t\t\t\t\t<\/div>\n\t\t\t\t<\/div>\n\t\t\t\t\t<\/div>\n\t\t\t\t<\/div>\n\t\t\t\t<\/div>\n\t\t","protected":false},"excerpt":{"rendered":"<p>Radno vrijeme:Po dogovoru Naziv i skra\u0107eni naziv tvrtke.MAT Green, obrt za usluge \u010di\u0161\u0107enja, vl. Sa\u0161a Turkovi\u0107 Sjedi\u0161te tvrtke.Vukovarska ul. 1b, 42000 Vara\u017edin Sud kod kojega je tvrtka upisana u Sudski registar.Trgova\u010dki sud u Vara\u017edinu Broj pod kojim je tvrtka upisana u Sudski registar.98969307 OIB02787713604 Tvrtka i sjedi\u0161te institucije kod koje se dr\u017ei ra\u010dun i broj [&hellip;]<\/p>\n","protected":false},"author":1,"featured_media":0,"parent":0,"menu_order":0,"comment_status":"closed","ping_status":"closed","template":"elementor_header_footer","meta":{"footnotes":""},"class_list":["post-9","page","type-page","status-publish","hentry"],"_links":{"self":[{"href":"https:\/\/7eh.net\/matgreen.hr\/index.php\/wp-json\/wp\/v2\/pages\/9","targetHints":{"allow":["GET"]}}],"collection":[{"href":"https:\/\/7eh.net\/matgreen.hr\/index.php\/wp-json\/wp\/v2\/pages"}],"about":[{"href":"https:\/\/7eh.net\/matgreen.hr\/index.php\/wp-json\/wp\/v2\/types\/page"}],"author":[{"embeddable":true,"href":"https:\/\/7eh.net\/matgreen.hr\/index.php\/wp-json\/wp\/v2\/users\/1"}],"replies":[{"embeddable":true,"href":"https:\/\/7eh.net\/matgreen.hr\/index.php\/wp-json\/wp\/v2\/comments?post=9"}],"version-history":[{"count":4,"href":"https:\/\/7eh.net\/matgreen.hr\/index.php\/wp-json\/wp\/v2\/pages\/9\/revisions"}],"predecessor-version":[{"id":14,"href":"https:\/\/7eh.net\/matgreen.hr\/index.php\/wp-json\/wp\/v2\/pages\/9\/revisions\/14"}],"wp:attachment":[{"href":"https:\/\/7eh.net\/matgreen.hr\/index.php\/wp-json\/wp\/v2\/media?parent=9"}],"curies":[{"name":"wp","href":"https:\/\/api.w.org\/{rel}","templated":true}]}}